{"id":6782,"date":"2025-01-27T19:42:55","date_gmt":"2025-01-28T00:42:55","guid":{"rendered":"https:\/\/wallar.com.co\/?post_type=product&#038;p=6782"},"modified":"2025-01-27T20:02:15","modified_gmt":"2025-01-28T01:02:15","slug":"protector-de-pantalla-hidrogel-flexible-anti-espia-material-tpu-50-unidades","status":"publish","type":"product","link":"https:\/\/wallar.com.co\/index.php\/product\/protector-de-pantalla-hidrogel-flexible-anti-espia-material-tpu-50-unidades\/","title":{"rendered":"Protector De Pantalla Hidrogel Flexible Anti-Espia \/ Material TPU 50 Unidades"},"content":{"rendered":"<h3>SUNSHINE SS-075S Hidrogel importado Anti-Esp\u00eda<\/h3>\n<p>Todos los d\u00edas estamos usando constantemente nuestro celular y el contenido que consumimos cada vez es m\u00e1s importante y personal por lo cual debe ser resguardado de personas ajenas a nosotros, con nuestras l\u00e1minas Anti-Esp\u00eda no tiene por qu\u00e9 preocuparte m\u00e1s por esta situaci\u00f3n, todos los contenidos sensibles como bancos, claves, fotos entre otros estar\u00e1n protegidos para tu privacidad.<\/p>\n<p>\u00d8 Fabricaci\u00f3n original de material de TPU ligero anti-espia.<\/p>\n<p>\u00d8\u00a0Textura de metal desnudo, tan delgada como 0,1 mm.<\/p>\n<p>\u00d8 Buena fluidez, los peque\u00f1os ara\u00f1azos se reparan autom\u00e1ticamente en 24 horas.<\/p>\n<p>\u00d8 Suave y apretado, soluciona el problema de la pel\u00edcula del tel\u00e9fono m\u00f3vil del borde.<\/p>\n<p>\u00d8 Flexible: Se adapta a cualquier tipo de pantalla (plana, curva o flexibles)<\/p>\n<p>\u00d8 Adaptable: Se puede usar para proteger de golpes las carcasas posteriores. Incluso en las c\u00e1maras no afecta la definici\u00f3n y las protege de rayones ya que son las que sobresalen y est\u00e1n expuestas a las superficies.<\/p>\n<p>\u00d8 Autorreparable: Por su composici\u00f3n absorbe los impactos y peque\u00f1os ara\u00f1azos y con el tiempo se expande por su flexibilidad y elasticidad borrando las marcas.<\/p>\n<p>\u00d8 Minimalista: con solo 0,1mm de grosor es apenas perceptible en tu pantalla, no interfiere en la funci\u00f3n del touch ni en el reconocimiento de huella.<\/p>\n<p>\u00d8 Durable: Es un material resistente y garantizado, sin embargo, depende del cuidado ya que no existe material que te garantice que tras un fuerte golpe tu dispositivo quede intacto.<\/p>\n<p>\u00d8 F\u00e1cil instalaci\u00f3n: t\u00fa mismo la puedes instalar (recuerda el display debe estar libre de polvo, grasa y cualquier part\u00edcula, lo instalas al tener precisi\u00f3n centrada en los orificios de la l\u00e1mina y as\u00ed tendr\u00e1s excelentes resultados, pero si deseas al comprarla y recogerla en persona lo podemos hacer por ti sin costo adicional).<\/p>\n","protected":false},"excerpt":{"rendered":"<p>SUNSHINE SS-075S Hidrogel importado Anti-Esp\u00eda Todos los d\u00edas estamos usando constantemente nuestro celular y el contenido que consumimos cada vez es m\u00e1s importante y personal&#8230;<\/p>\n","protected":false},"featured_media":6783,"comment_status":"open","ping_status":"closed","template":"","meta":{"_joinchat":[]},"etheme_brands":[{"term_id":175,"name":"Sunshine","slug":"sunshine","term_group":0,"term_taxonomy_id":175,"taxonomy":"brand","description":"","parent":0,"count":7,"filter":"raw"}],"product_brand":[],"product_cat":[171],"product_tag":[199,197,200,196,198],"class_list":{"0":"post-6782","1":"product","2":"type-product","3":"status-publish","4":"has-post-thumbnail","6":"brand-sunshine","7":"product_cat-hidrogel","8":"product_tag-huawei","9":"product_tag-iphone","10":"product_tag-oppo","11":"product_tag-samsung","12":"product_tag-xiaomi","14":"first","15":"instock","16":"sale","17":"shipping-taxable","18":"purchasable","19":"product-type-simple"},"_links":{"self":[{"href":"https:\/\/wallar.com.co\/index.php\/wp-json\/wp\/v2\/product\/6782","targetHints":{"allow":["GET"]}}],"collection":[{"href":"https:\/\/wallar.com.co\/index.php\/wp-json\/wp\/v2\/product"}],"about":[{"href":"https:\/\/wallar.com.co\/index.php\/wp-json\/wp\/v2\/types\/product"}],"replies":[{"embeddable":true,"href":"https:\/\/wallar.com.co\/index.php\/wp-json\/wp\/v2\/comments?post=6782"}],"version-history":[{"count":4,"href":"https:\/\/wallar.com.co\/index.php\/wp-json\/wp\/v2\/product\/6782\/revisions"}],"predecessor-version":[{"id":6791,"href":"https:\/\/wallar.com.co\/index.php\/wp-json\/wp\/v2\/product\/6782\/revisions\/6791"}],"wp:featuredmedia":[{"embeddable":true,"href":"https:\/\/wallar.com.co\/index.php\/wp-json\/wp\/v2\/media\/6783"}],"wp:attachment":[{"href":"https:\/\/wallar.com.co\/index.php\/wp-json\/wp\/v2\/media?parent=6782"}],"wp:term":[{"taxonomy":"brand","embeddable":true,"href":"https:\/\/wallar.com.co\/index.php\/wp-json\/wp\/v2\/etheme_brands?post=6782"},{"taxonomy":"product_brand","embeddable":true,"href":"https:\/\/wallar.com.co\/index.php\/wp-json\/wp\/v2\/product_brand?post=6782"},{"taxonomy":"product_cat","embeddable":true,"href":"https:\/\/wallar.com.co\/index.php\/wp-json\/wp\/v2\/product_cat?post=6782"},{"taxonomy":"product_tag","embeddable":true,"href":"https:\/\/wallar.com.co\/index.php\/wp-json\/wp\/v2\/product_tag?post=6782"}],"curies":[{"name":"wp","href":"https:\/\/api.w.org\/{rel}","templated":true}]}}