{"id":6717,"date":"2024-08-29T11:04:00","date_gmt":"2024-08-29T16:04:00","guid":{"rendered":"https:\/\/wallar.com.co\/?post_type=product&#038;p=6717"},"modified":"2024-08-29T11:04:25","modified_gmt":"2024-08-29T16:04:25","slug":"protector-pantalla-laminas-hidrogel-fibra-uv-sunshine-25-unidades","status":"publish","type":"product","link":"https:\/\/wallar.com.co\/index.php\/product\/protector-pantalla-laminas-hidrogel-fibra-uv-sunshine-25-unidades\/","title":{"rendered":"Protector Pantalla L\u00e1minas Hidrogel Fibra UV Sunshine 25 Unidades"},"content":{"rendered":"<p>L\u00e1mina de hidrogel con endurecimiento por medio de l\u00e1mpara UV, lo que hace que se active la fibra UV y quede como vidrio templado. Visi\u00f3n HD totalmente transparente, oleof\u00f3bica, hidrof\u00f3bica<\/p>\n<p>\u00d8 Apta para pantallas curvas ya que cubre los bordes<br \/>\n\u00d8 Viene con la lampara de curado UV en la caja con conexi\u00f3n USB C, 5V y 2A.<br \/>\n\u00d8 Tiempo sugerido para el curado\/pegado: 100 segundos.<br \/>\n\u00d8 Endurecimiento comprobado contra caidas, rayones.<br \/>\n\u00d8 No afecta sensibilidad del touch y se adapta a cualquier dispositivo (celulares, relojes, airpod, camaras, etc)<\/p>\n","protected":false},"excerpt":{"rendered":"<p>L\u00e1mina de hidrogel con endurecimiento por medio de l\u00e1mpara UV, lo que hace que se active la fibra UV y quede como vidrio templado. Visi\u00f3n&#8230;<\/p>\n","protected":false},"featured_media":6719,"comment_status":"open","ping_status":"closed","template":"","meta":{"_joinchat":[]},"etheme_brands":[{"term_id":175,"name":"Sunshine","slug":"sunshine","term_group":0,"term_taxonomy_id":175,"taxonomy":"brand","description":"","parent":0,"count":7,"filter":"raw"}],"product_brand":[],"product_cat":[100,171],"product_tag":[28,210,212,181,192,211],"class_list":{"0":"post-6717","1":"product","2":"type-product","3":"status-publish","4":"has-post-thumbnail","6":"brand-sunshine","7":"product_cat-accesorios-celulares","8":"product_cat-hidrogel","9":"product_tag-accesorios","10":"product_tag-curado-uv","11":"product_tag-hd","12":"product_tag-protector","13":"product_tag-resistente","14":"product_tag-transparente","16":"first","17":"instock","18":"shipping-taxable","19":"purchasable","20":"product-type-simple"},"_links":{"self":[{"href":"https:\/\/wallar.com.co\/index.php\/wp-json\/wp\/v2\/product\/6717","targetHints":{"allow":["GET"]}}],"collection":[{"href":"https:\/\/wallar.com.co\/index.php\/wp-json\/wp\/v2\/product"}],"about":[{"href":"https:\/\/wallar.com.co\/index.php\/wp-json\/wp\/v2\/types\/product"}],"replies":[{"embeddable":true,"href":"https:\/\/wallar.com.co\/index.php\/wp-json\/wp\/v2\/comments?post=6717"}],"version-history":[{"count":1,"href":"https:\/\/wallar.com.co\/index.php\/wp-json\/wp\/v2\/product\/6717\/revisions"}],"predecessor-version":[{"id":6723,"href":"https:\/\/wallar.com.co\/index.php\/wp-json\/wp\/v2\/product\/6717\/revisions\/6723"}],"wp:featuredmedia":[{"embeddable":true,"href":"https:\/\/wallar.com.co\/index.php\/wp-json\/wp\/v2\/media\/6719"}],"wp:attachment":[{"href":"https:\/\/wallar.com.co\/index.php\/wp-json\/wp\/v2\/media?parent=6717"}],"wp:term":[{"taxonomy":"brand","embeddable":true,"href":"https:\/\/wallar.com.co\/index.php\/wp-json\/wp\/v2\/etheme_brands?post=6717"},{"taxonomy":"product_brand","embeddable":true,"href":"https:\/\/wallar.com.co\/index.php\/wp-json\/wp\/v2\/product_brand?post=6717"},{"taxonomy":"product_cat","embeddable":true,"href":"https:\/\/wallar.com.co\/index.php\/wp-json\/wp\/v2\/product_cat?post=6717"},{"taxonomy":"product_tag","embeddable":true,"href":"https:\/\/wallar.com.co\/index.php\/wp-json\/wp\/v2\/product_tag?post=6717"}],"curies":[{"name":"wp","href":"https:\/\/api.w.org\/{rel}","templated":true}]}}