{"id":6640,"date":"2024-05-20T21:59:04","date_gmt":"2024-05-20T19:59:04","guid":{"rendered":"https:\/\/wallar.com.co\/?post_type=product&#038;p=6640"},"modified":"2024-08-01T21:34:59","modified_gmt":"2024-08-01T19:34:59","slug":"protector-de-pantalla-hidrogel-flexible-antiblue-material-tpu","status":"publish","type":"product","link":"https:\/\/wallar.com.co\/index.php\/product\/protector-de-pantalla-hidrogel-flexible-antiblue-material-tpu\/","title":{"rendered":"Protector De Pantalla Hidrogel Flexible Antiblue \/ Material TPU Unidad"},"content":{"rendered":"<p style=\"margin: 0in; font-family: Calibri; font-size: 11.0pt;\"><span style=\"font-weight: bold;\">Caracter\u00edstica:<\/span> Tecnolog\u00eda anti luz azul, la cual sirve para proteger la vista de la fatiga y desvanecimiento. Visualizaci\u00f3n en alta definici\u00f3n (HD)<\/p>\n<p style=\"margin: 0in; font-family: Calibri; font-size: 11.0pt;\"><span style=\"font-weight: bold;\">Material:<\/span> PVC de muy alta calidad (TPU se entrega una unidad, env\u00edo a cargo del comprador)<\/p>\n<p style=\"margin: 0in; font-family: Calibri; font-size: 11.0pt;\"><span style=\"font-weight: bold;\">Rango de corte:<\/span> Para dispositivos con pantallas inferiores a 7 pulgadas.<\/p>\n<p style=\"margin: 0in; font-family: Calibri; font-size: 11.0pt;\"><span style=\"font-weight: bold;\">Medidas del producto:<\/span> 128*194 mm<\/p>\n<p style=\"margin: 0in; font-family: Calibri; font-size: 11.0pt;\"><span style=\"font-weight: bold;\">Marca del producto:<\/span> Sunshine<\/p>\n<p style=\"margin: 0in; font-family: Calibri; font-size: 11.0pt;\"><span lang=\"es-CO\" style=\"font-weight: bold;\">Variantes:<\/span><span lang=\"es-CO\"> HD, gamming, antiesp\u00eda, mate (<\/span><span lang=\"es-MX\" style=\"font-weight: bold;\">El costo de estas variantes es ligeramente superior<\/span><span lang=\"es-CO\">, preguntar antes de realizar la compra).<\/span><\/p>\n<p>&nbsp;<\/p>\n<p style=\"margin: 0in; font-family: Calibri; font-size: 11.0pt;\"><span lang=\"es-CO\">El protector de pantalla de <\/span><span lang=\"es-MX\" style=\"font-weight: bold;\">TPU<\/span><span lang=\"es-CO\"> tiene un mejor rendimiento que el protector de pantalla de <\/span><span lang=\"es-MX\" style=\"font-weight: bold;\">TPH<\/span><span lang=\"es-CO\"> (PET) y puede brindar una mejor protecci\u00f3n contra impactos ya que la l\u00e1mina es un poco m\u00e1s gruesa y la calidad del material aumenta. Sin embargo los dos materiales han sido testeados ofreciendo protecci\u00f3n y confort a la vista de sus dispositivos.<\/span><\/p>\n","protected":false},"excerpt":{"rendered":"<p>Caracter\u00edstica: Tecnolog\u00eda anti luz azul, la cual sirve para proteger la vista de la fatiga y desvanecimiento. Visualizaci\u00f3n en alta definici\u00f3n (HD) Material: PVC de&#8230;<\/p>\n","protected":false},"featured_media":6633,"comment_status":"open","ping_status":"closed","template":"","meta":{"_joinchat":[]},"etheme_brands":[{"term_id":175,"name":"Sunshine","slug":"sunshine","term_group":0,"term_taxonomy_id":175,"taxonomy":"brand","description":"","parent":0,"count":7,"filter":"raw"}],"product_brand":[],"product_cat":[171],"product_tag":[199,197,200,196,198],"class_list":{"0":"post-6640","1":"product","2":"type-product","3":"status-publish","4":"has-post-thumbnail","6":"brand-sunshine","7":"product_cat-hidrogel","8":"product_tag-huawei","9":"product_tag-iphone","10":"product_tag-oppo","11":"product_tag-samsung","12":"product_tag-xiaomi","14":"first","15":"instock","16":"shipping-taxable","17":"purchasable","18":"product-type-simple"},"_links":{"self":[{"href":"https:\/\/wallar.com.co\/index.php\/wp-json\/wp\/v2\/product\/6640","targetHints":{"allow":["GET"]}}],"collection":[{"href":"https:\/\/wallar.com.co\/index.php\/wp-json\/wp\/v2\/product"}],"about":[{"href":"https:\/\/wallar.com.co\/index.php\/wp-json\/wp\/v2\/types\/product"}],"replies":[{"embeddable":true,"href":"https:\/\/wallar.com.co\/index.php\/wp-json\/wp\/v2\/comments?post=6640"}],"version-history":[{"count":5,"href":"https:\/\/wallar.com.co\/index.php\/wp-json\/wp\/v2\/product\/6640\/revisions"}],"predecessor-version":[{"id":6664,"href":"https:\/\/wallar.com.co\/index.php\/wp-json\/wp\/v2\/product\/6640\/revisions\/6664"}],"wp:featuredmedia":[{"embeddable":true,"href":"https:\/\/wallar.com.co\/index.php\/wp-json\/wp\/v2\/media\/6633"}],"wp:attachment":[{"href":"https:\/\/wallar.com.co\/index.php\/wp-json\/wp\/v2\/media?parent=6640"}],"wp:term":[{"taxonomy":"brand","embeddable":true,"href":"https:\/\/wallar.com.co\/index.php\/wp-json\/wp\/v2\/etheme_brands?post=6640"},{"taxonomy":"product_brand","embeddable":true,"href":"https:\/\/wallar.com.co\/index.php\/wp-json\/wp\/v2\/product_brand?post=6640"},{"taxonomy":"product_cat","embeddable":true,"href":"https:\/\/wallar.com.co\/index.php\/wp-json\/wp\/v2\/product_cat?post=6640"},{"taxonomy":"product_tag","embeddable":true,"href":"https:\/\/wallar.com.co\/index.php\/wp-json\/wp\/v2\/product_tag?post=6640"}],"curies":[{"name":"wp","href":"https:\/\/api.w.org\/{rel}","templated":true}]}}