{"id":6631,"date":"2024-05-20T21:48:51","date_gmt":"2024-05-20T19:48:51","guid":{"rendered":"https:\/\/wallar.com.co\/?post_type=product&#038;p=6631"},"modified":"2024-08-01T21:34:48","modified_gmt":"2024-08-01T19:34:48","slug":"pelicula-de-hidrogel-flexible-hd-protector-de-pantalla-celular-material-tph","status":"publish","type":"product","link":"https:\/\/wallar.com.co\/index.php\/product\/pelicula-de-hidrogel-flexible-hd-protector-de-pantalla-celular-material-tph\/","title":{"rendered":"Protector de pantalla Hidrogel Flexible HD \/  Material TPH Unidad"},"content":{"rendered":"<p><strong>Caracter\u00edstica:<\/strong> Visualizaci\u00f3n en alta definici\u00f3n (HD)<\/p>\n<p><strong>Material:<\/strong> PVC de alta calidad (TPH se entrega una unidad, env\u00edo a cargo del comprador)<\/p>\n<p><strong>Rango de corte:<\/strong> Para dispositivos con pantallas inferiores a 7 pulgadas.<\/p>\n<p><strong>Medidas del producto:<\/strong> 128*194 mm<\/p>\n<p><strong>Marca del producto:<\/strong> Sunshine<\/p>\n<p><strong>Variantes:<\/strong> Anti luz azul, antiesp\u00eda, mate (<strong>El costo de estas variantes es ligeramente superior<\/strong>, preguntar antes de realizar la compra).<\/p>\n<p>&nbsp;<\/p>\n<p>El protector de pantalla de <strong>TPU<\/strong> tiene un mejor rendimiento que el protector de pantalla de <strong>TPH<\/strong> (PET) y puede brindar una mejor protecci\u00f3n contra impactos. Sin embargo los dos materiales han sido testeados ofreciendo protecci\u00f3n y confort a la vista de sus dispositivos.<\/p>\n<p>&nbsp;<\/p>\n","protected":false},"excerpt":{"rendered":"<p>Caracter\u00edstica: Visualizaci\u00f3n en alta definici\u00f3n (HD) Material: PVC de alta calidad (TPH se entrega una unidad, env\u00edo a cargo del comprador) Rango de corte: Para&#8230;<\/p>\n","protected":false},"featured_media":6636,"comment_status":"open","ping_status":"closed","template":"","meta":{"_joinchat":[]},"etheme_brands":[{"term_id":175,"name":"Sunshine","slug":"sunshine","term_group":0,"term_taxonomy_id":175,"taxonomy":"brand","description":"","parent":0,"count":7,"filter":"raw"}],"product_brand":[],"product_cat":[171],"product_tag":[199,197,200,196,198],"class_list":{"0":"post-6631","1":"product","2":"type-product","3":"status-publish","4":"has-post-thumbnail","6":"brand-sunshine","7":"product_cat-hidrogel","8":"product_tag-huawei","9":"product_tag-iphone","10":"product_tag-oppo","11":"product_tag-samsung","12":"product_tag-xiaomi","14":"first","15":"instock","16":"shipping-taxable","17":"purchasable","18":"product-type-simple"},"_links":{"self":[{"href":"https:\/\/wallar.com.co\/index.php\/wp-json\/wp\/v2\/product\/6631","targetHints":{"allow":["GET"]}}],"collection":[{"href":"https:\/\/wallar.com.co\/index.php\/wp-json\/wp\/v2\/product"}],"about":[{"href":"https:\/\/wallar.com.co\/index.php\/wp-json\/wp\/v2\/types\/product"}],"replies":[{"embeddable":true,"href":"https:\/\/wallar.com.co\/index.php\/wp-json\/wp\/v2\/comments?post=6631"}],"version-history":[{"count":4,"href":"https:\/\/wallar.com.co\/index.php\/wp-json\/wp\/v2\/product\/6631\/revisions"}],"predecessor-version":[{"id":6663,"href":"https:\/\/wallar.com.co\/index.php\/wp-json\/wp\/v2\/product\/6631\/revisions\/6663"}],"wp:featuredmedia":[{"embeddable":true,"href":"https:\/\/wallar.com.co\/index.php\/wp-json\/wp\/v2\/media\/6636"}],"wp:attachment":[{"href":"https:\/\/wallar.com.co\/index.php\/wp-json\/wp\/v2\/media?parent=6631"}],"wp:term":[{"taxonomy":"brand","embeddable":true,"href":"https:\/\/wallar.com.co\/index.php\/wp-json\/wp\/v2\/etheme_brands?post=6631"},{"taxonomy":"product_brand","embeddable":true,"href":"https:\/\/wallar.com.co\/index.php\/wp-json\/wp\/v2\/product_brand?post=6631"},{"taxonomy":"product_cat","embeddable":true,"href":"https:\/\/wallar.com.co\/index.php\/wp-json\/wp\/v2\/product_cat?post=6631"},{"taxonomy":"product_tag","embeddable":true,"href":"https:\/\/wallar.com.co\/index.php\/wp-json\/wp\/v2\/product_tag?post=6631"}],"curies":[{"name":"wp","href":"https:\/\/api.w.org\/{rel}","templated":true}]}}