{"id":6625,"date":"2024-04-23T04:26:42","date_gmt":"2024-04-23T02:26:42","guid":{"rendered":"https:\/\/wallar.com.co\/?post_type=product&#038;p=6625"},"modified":"2025-01-25T14:32:20","modified_gmt":"2025-01-25T19:32:20","slug":"modulo-lcd-touch-eda51-honeywell","status":"publish","type":"product","link":"https:\/\/wallar.com.co\/index.php\/product\/modulo-lcd-touch-eda51-honeywell\/","title":{"rendered":"M\u00f3dulo LCD + Touch EDA51 Honeywell"},"content":{"rendered":"<p>Pantalla con panel t\u00e1ctil nuevo y original de Honeywell para reemplazar pantallas partidas o defectuosas del modelo ScanPal EDA51 Handheld Computer Honeywell. Vienen empacadas en su bolsa antiest\u00e1tica para evitar da\u00f1os de los elementos electr\u00f3nicos y protegida con bolsa burbuja para los env\u00edos donde se puede verificar la etiqueta del producto y el logo de la marca. No se incluye instalaci\u00f3n.<\/p>\n<p><b><span>Resoluci\u00f3n de pantalla<\/span><\/b><\/p>\n<ul>\n<li class=\"li-item splitted\"><span class=\"bullet-spacing\"><span>1280 x 720<\/span><\/span><\/li>\n<\/ul>\n<p><b><span><span>Tama\u00f1o de la pantalla<\/span><\/span><\/b><\/p>\n<ul>\n<li class=\"li-item splitted\"><span class=\"bullet-spacing\"><span><span>12,7 cent\u00edmetros<\/span><\/span><\/span><\/li>\n<li class=\"li-item splitted\"><span class=\"bullet-spacing\"><span><span>5 pulgadas<\/span><\/span><\/span><\/li>\n<\/ul>\n<p><b><span><span>Teclado<\/span><\/span><\/b><\/p>\n<ul>\n<li class=\"li-item splitted\"><span class=\"bullet-spacing\"><span><span>Pantalla t\u00e1ctil<\/span><\/span><\/span><\/li>\n<\/ul>\n<p><strong>Nota:<\/strong> Art\u00edculos nuevos y originales, el cliente se hace responsable por da\u00f1os provenientes de manipulaci\u00f3n del repuesto e igualmente si lo terceriza. Los elementos son probados antes de enviar o entregar, por lo que aseguramos el funcionamiento y calidad.<\/p>\n","protected":false},"excerpt":{"rendered":"<p>Pantalla con panel t\u00e1ctil nuevo y original de Honeywell para reemplazar pantallas partidas o defectuosas del modelo ScanPal EDA51 Handheld Computer Honeywell. Vienen empacadas en&#8230;<\/p>\n","protected":false},"featured_media":6626,"comment_status":"open","ping_status":"closed","template":"","meta":{"_joinchat":[]},"etheme_brands":[{"term_id":173,"name":"Honeywell","slug":"honeywell","term_group":0,"term_taxonomy_id":173,"taxonomy":"brand","description":"","parent":0,"count":11,"filter":"raw"}],"product_brand":[],"product_cat":[193],"product_tag":[194,195],"class_list":{"0":"post-6625","1":"product","2":"type-product","3":"status-publish","4":"has-post-thumbnail","6":"brand-honeywell","7":"product_cat-repuestos","8":"product_tag-eda51","9":"product_tag-handheld","11":"first","12":"instock","13":"sale","14":"shipping-taxable","15":"purchasable","16":"product-type-simple"},"_links":{"self":[{"href":"https:\/\/wallar.com.co\/index.php\/wp-json\/wp\/v2\/product\/6625","targetHints":{"allow":["GET"]}}],"collection":[{"href":"https:\/\/wallar.com.co\/index.php\/wp-json\/wp\/v2\/product"}],"about":[{"href":"https:\/\/wallar.com.co\/index.php\/wp-json\/wp\/v2\/types\/product"}],"replies":[{"embeddable":true,"href":"https:\/\/wallar.com.co\/index.php\/wp-json\/wp\/v2\/comments?post=6625"}],"version-history":[{"count":1,"href":"https:\/\/wallar.com.co\/index.php\/wp-json\/wp\/v2\/product\/6625\/revisions"}],"predecessor-version":[{"id":6630,"href":"https:\/\/wallar.com.co\/index.php\/wp-json\/wp\/v2\/product\/6625\/revisions\/6630"}],"wp:featuredmedia":[{"embeddable":true,"href":"https:\/\/wallar.com.co\/index.php\/wp-json\/wp\/v2\/media\/6626"}],"wp:attachment":[{"href":"https:\/\/wallar.com.co\/index.php\/wp-json\/wp\/v2\/media?parent=6625"}],"wp:term":[{"taxonomy":"brand","embeddable":true,"href":"https:\/\/wallar.com.co\/index.php\/wp-json\/wp\/v2\/etheme_brands?post=6625"},{"taxonomy":"product_brand","embeddable":true,"href":"https:\/\/wallar.com.co\/index.php\/wp-json\/wp\/v2\/product_brand?post=6625"},{"taxonomy":"product_cat","embeddable":true,"href":"https:\/\/wallar.com.co\/index.php\/wp-json\/wp\/v2\/product_cat?post=6625"},{"taxonomy":"product_tag","embeddable":true,"href":"https:\/\/wallar.com.co\/index.php\/wp-json\/wp\/v2\/product_tag?post=6625"}],"curies":[{"name":"wp","href":"https:\/\/api.w.org\/{rel}","templated":true}]}}