{"id":6564,"date":"2024-03-06T14:07:14","date_gmt":"2024-03-06T13:07:14","guid":{"rendered":"https:\/\/wallar.com.co\/?post_type=product&#038;p=6564"},"modified":"2025-01-25T14:24:20","modified_gmt":"2025-01-25T19:24:20","slug":"carcasa-superior-eda50k-lcdtouch-honeywell","status":"publish","type":"product","link":"https:\/\/wallar.com.co\/index.php\/product\/carcasa-superior-eda50k-lcdtouch-honeywell\/","title":{"rendered":"Carcasa Superior Eda50k Lcd+touch Honeywell"},"content":{"rendered":"<h3>CARCASA SUPERIOR CON DISPLAY Y TOUCH PARA EDA50K HONEYWELL<\/h3>\n<p>Repuesto de pantalla + touch para el modelo de hand held Honeywell EDA50K completamente nuevo y funcional (No incluye teclado de goma).<\/p>\n<p>Uso: Cambio del LCD y el touch para los casos en que se rompa la pantalla o se da\u00f1e la funcionalidad del t\u00e1ctil del dispositivo. Tambi\u00e9n vendemos el screen protector en hidrogel para la protecci\u00f3n contra ara\u00f1azos y golpes, lo que prolonga la vida \u00fatil de la pantalla y su funcionalidad. (Venta por separado, preguntanos para instalarlo o enviartelo en el mismo env\u00edo).<\/p>\n<p>Garant\u00eda de 30 d\u00edas a partir de la recepci\u00f3n, se garantiza funcionamiento ya que son probados antes de ser enviados.<\/p>\n","protected":false},"excerpt":{"rendered":"<p>CARCASA SUPERIOR CON DISPLAY Y TOUCH PARA EDA50K HONEYWELL Repuesto de pantalla + touch para el modelo de hand held Honeywell EDA50K completamente nuevo y&#8230;<\/p>\n","protected":false},"featured_media":6561,"comment_status":"open","ping_status":"closed","template":"","meta":{"_joinchat":[]},"etheme_brands":[{"term_id":173,"name":"Honeywell","slug":"honeywell","term_group":0,"term_taxonomy_id":173,"taxonomy":"brand","description":"","parent":0,"count":11,"filter":"raw"}],"product_brand":[],"product_cat":[193],"product_tag":[185],"class_list":{"0":"post-6564","1":"product","2":"type-product","3":"status-publish","4":"has-post-thumbnail","6":"brand-honeywell","7":"product_cat-repuestos","8":"product_tag-pantallas","10":"first","11":"instock","12":"sale","13":"shipping-taxable","14":"purchasable","15":"product-type-simple"},"_links":{"self":[{"href":"https:\/\/wallar.com.co\/index.php\/wp-json\/wp\/v2\/product\/6564","targetHints":{"allow":["GET"]}}],"collection":[{"href":"https:\/\/wallar.com.co\/index.php\/wp-json\/wp\/v2\/product"}],"about":[{"href":"https:\/\/wallar.com.co\/index.php\/wp-json\/wp\/v2\/types\/product"}],"replies":[{"embeddable":true,"href":"https:\/\/wallar.com.co\/index.php\/wp-json\/wp\/v2\/comments?post=6564"}],"version-history":[{"count":1,"href":"https:\/\/wallar.com.co\/index.php\/wp-json\/wp\/v2\/product\/6564\/revisions"}],"predecessor-version":[{"id":6565,"href":"https:\/\/wallar.com.co\/index.php\/wp-json\/wp\/v2\/product\/6564\/revisions\/6565"}],"wp:featuredmedia":[{"embeddable":true,"href":"https:\/\/wallar.com.co\/index.php\/wp-json\/wp\/v2\/media\/6561"}],"wp:attachment":[{"href":"https:\/\/wallar.com.co\/index.php\/wp-json\/wp\/v2\/media?parent=6564"}],"wp:term":[{"taxonomy":"brand","embeddable":true,"href":"https:\/\/wallar.com.co\/index.php\/wp-json\/wp\/v2\/etheme_brands?post=6564"},{"taxonomy":"product_brand","embeddable":true,"href":"https:\/\/wallar.com.co\/index.php\/wp-json\/wp\/v2\/product_brand?post=6564"},{"taxonomy":"product_cat","embeddable":true,"href":"https:\/\/wallar.com.co\/index.php\/wp-json\/wp\/v2\/product_cat?post=6564"},{"taxonomy":"product_tag","embeddable":true,"href":"https:\/\/wallar.com.co\/index.php\/wp-json\/wp\/v2\/product_tag?post=6564"}],"curies":[{"name":"wp","href":"https:\/\/api.w.org\/{rel}","templated":true}]}}