{"id":6529,"date":"2024-02-23T20:32:37","date_gmt":"2024-02-23T19:32:37","guid":{"rendered":"https:\/\/wallar.com.co\/?post_type=product&#038;p=6529"},"modified":"2024-08-04T02:01:28","modified_gmt":"2024-08-04T00:01:28","slug":"laminas-hidrogel-para-pantallas-x50-pcs-ss-057a-hq-sunshine","status":"publish","type":"product","link":"https:\/\/wallar.com.co\/index.php\/product\/laminas-hidrogel-para-pantallas-x50-pcs-ss-057a-hq-sunshine\/","title":{"rendered":"L\u00e1minas Hidrogel Para Pantallas X50 Pcs Ss-057a Hq Sunshine"},"content":{"rendered":"<h3>L\u00e1mina de Hidrogel TPH SS-057A High Definition Caja por 50 Unidades<\/h3>\n<p>Viene con un c\u00f3digo QR de 55 cortes para m\u00e1quinas plotter de corte hidrogel de la marca Sunshine.<\/p>\n<p>\u00d8 <strong>Flexible<\/strong>: Se adapta a cualquier tipo de pantalla (plana, curva o flexibles)<\/p>\n<p>\u00d8 <strong>Adaptable<\/strong>: Se puede usar para proteger de golpes las carcasas posteriores. Incluso en las c\u00e1maras no afecta la definici\u00f3n y las protege de rayones ya que son las que sobresalen y est\u00e1n expuestas a las superficies.<\/p>\n<p>\u00d8 <strong>Autorreparable<\/strong>: Por su composici\u00f3n absorbe los impactos y peque\u00f1os ara\u00f1azos y con el tiempo se expande por su flexibilidad y elasticidad borrando las marcas.<\/p>\n<p>\u00d8 <strong>Minimalista<\/strong>: con solo 0,1mm de grosor es apenas perceptible en tu pantalla, no interfiere en la funci\u00f3n del touch ni en el reconocimiento de huella.<\/p>\n<p>\u00d8 <strong>Durable<\/strong>: Es un material resistente y garantizado, sin embargo, depende del cuidado ya que no existe material que te garantice que tras un fuerte golpe tu dispositivo quede intacto.<\/p>\n<p>\u00d8 <strong>F\u00e1cil instalaci\u00f3n<\/strong>: t\u00fa mismo la puedes instalar (recuerda el display debe estar libre de polvo, grasa y cualquier part\u00edcula, lo instalas al tener precisi\u00f3n centrada en los orificios de la l\u00e1mina y as\u00ed tendr\u00e1s excelentes resultados, pero si deseas al comprarla y recogerla en persona lo podemos hacer por ti sin costo adicional).<\/p>\n","protected":false},"excerpt":{"rendered":"<p>L\u00e1mina de Hidrogel TPH SS-057A High Definition Caja por 50 Unidades Viene con un c\u00f3digo QR de 55 cortes para m\u00e1quinas plotter de corte hidrogel&#8230;<\/p>\n","protected":false},"featured_media":6527,"comment_status":"open","ping_status":"closed","template":"","meta":{"_joinchat":[]},"etheme_brands":[{"term_id":175,"name":"Sunshine","slug":"sunshine","term_group":0,"term_taxonomy_id":175,"taxonomy":"brand","description":"","parent":0,"count":7,"filter":"raw"}],"product_brand":[],"product_cat":[171],"product_tag":[184,181,183],"class_list":{"0":"post-6529","1":"product","2":"type-product","3":"status-publish","4":"has-post-thumbnail","6":"brand-sunshine","7":"product_cat-hidrogel","8":"product_tag-full-hd","9":"product_tag-protector","10":"product_tag-tph","12":"first","13":"instock","14":"shipping-taxable","15":"purchasable","16":"product-type-simple"},"_links":{"self":[{"href":"https:\/\/wallar.com.co\/index.php\/wp-json\/wp\/v2\/product\/6529","targetHints":{"allow":["GET"]}}],"collection":[{"href":"https:\/\/wallar.com.co\/index.php\/wp-json\/wp\/v2\/product"}],"about":[{"href":"https:\/\/wallar.com.co\/index.php\/wp-json\/wp\/v2\/types\/product"}],"replies":[{"embeddable":true,"href":"https:\/\/wallar.com.co\/index.php\/wp-json\/wp\/v2\/comments?post=6529"}],"version-history":[{"count":1,"href":"https:\/\/wallar.com.co\/index.php\/wp-json\/wp\/v2\/product\/6529\/revisions"}],"predecessor-version":[{"id":6530,"href":"https:\/\/wallar.com.co\/index.php\/wp-json\/wp\/v2\/product\/6529\/revisions\/6530"}],"wp:featuredmedia":[{"embeddable":true,"href":"https:\/\/wallar.com.co\/index.php\/wp-json\/wp\/v2\/media\/6527"}],"wp:attachment":[{"href":"https:\/\/wallar.com.co\/index.php\/wp-json\/wp\/v2\/media?parent=6529"}],"wp:term":[{"taxonomy":"brand","embeddable":true,"href":"https:\/\/wallar.com.co\/index.php\/wp-json\/wp\/v2\/etheme_brands?post=6529"},{"taxonomy":"product_brand","embeddable":true,"href":"https:\/\/wallar.com.co\/index.php\/wp-json\/wp\/v2\/product_brand?post=6529"},{"taxonomy":"product_cat","embeddable":true,"href":"https:\/\/wallar.com.co\/index.php\/wp-json\/wp\/v2\/product_cat?post=6529"},{"taxonomy":"product_tag","embeddable":true,"href":"https:\/\/wallar.com.co\/index.php\/wp-json\/wp\/v2\/product_tag?post=6529"}],"curies":[{"name":"wp","href":"https:\/\/api.w.org\/{rel}","templated":true}]}}