{"id":6522,"date":"2024-02-23T20:13:16","date_gmt":"2024-02-23T19:13:16","guid":{"rendered":"https:\/\/wallar.com.co\/?post_type=product&#038;p=6522"},"modified":"2025-01-25T14:32:51","modified_gmt":"2025-01-25T19:32:51","slug":"plotter-maquina-de-corte-hidrogel-sunshine-ss-890c-pro-max","status":"publish","type":"product","link":"https:\/\/wallar.com.co\/index.php\/product\/plotter-maquina-de-corte-hidrogel-sunshine-ss-890c-pro-max\/","title":{"rendered":"Plotter M\u00e1quina De Corte Hidrogel Sunshine SS-890C Pro Max"},"content":{"rendered":"<h3><strong>SS-890C Pro Max, conexi\u00f3n WIFi + Bluetooth multifuncional inteligente<\/strong><\/h3>\n<p>M\u00e1quina de corte de pel\u00edcula con base de datos en la nube. Adecuado para pel\u00edculas frontales\/traseras de tel\u00e9fonos m\u00f3viles, relojes, AirPods, c\u00e1maras, iPads, ordenadores port\u00e1tiles (hasta 16\u201d), etc. Cuchilla cortadora de pel\u00edcula material hidrogel, corte de precisi\u00f3n y 0peraci\u00f3n inteligente dual.<\/p>\n<p>Tiene un sistema operativo independiente, no es necesario conectar a un ordenador, el cual se actualiza en tiempo real\u00a0 la base de datos en la nube.<\/p>\n<h3>Contenido de la caja:<\/h3>\n<p>\u00d8 M\u00e1quina de corte Sunshine modelo SS-890C PRO MAX.<br \/>\n\u00d8 Adaptador de corriente.<br \/>\n\u00d8 Cable de poder.<br \/>\n\u00d8 3 esp\u00e1tulas de diferentes tama\u00f1os.<br \/>\n\u00d8 Pa\u00f1os para limpieza de pantallas.<br \/>\n\u00d8 Tapete antideslizante.<\/p>\n<h3>Caracter\u00edsticas<\/h3>\n<p>\u00d8 Corte de tama\u00f1o grande (hasta de 16 pulgadas), adecuado para la mayor\u00eda de las computadoras port\u00e1tiles del mercado.<\/p>\n<p>\u00d8 El primero en admitir la operaci\u00f3n Bluetooth del tel\u00e9fono m\u00f3vil y la operaci\u00f3n WIFI del dispositivo.<\/p>\n<p>\u00d8 <i class=\"fas fa-check-circle text-blue pr-10\"><\/i>Alimentaci\u00f3n autom\u00e1tica de pel\u00edculas, operaci\u00f3n m\u00e1s conveniente.<\/p>\n<p>\u00d8 Los datos en la nube son potentes, 10 idiomas operativos, m\u00e1s de 13.000 modelos.<\/p>\n<p>\u00d8 Estado del equipo: Usado (poco uso, con su caja original).<\/p>\n","protected":false},"excerpt":{"rendered":"<p>SS-890C Pro Max, conexi\u00f3n WIFi + Bluetooth multifuncional inteligente M\u00e1quina de corte de pel\u00edcula con base de datos en la nube. Adecuado para pel\u00edculas frontales\/traseras&#8230;<\/p>\n","protected":false},"featured_media":6524,"comment_status":"open","ping_status":"closed","template":"","meta":{"_joinchat":[]},"etheme_brands":[{"term_id":175,"name":"Sunshine","slug":"sunshine","term_group":0,"term_taxonomy_id":175,"taxonomy":"brand","description":"","parent":0,"count":7,"filter":"raw"}],"product_brand":[],"product_cat":[171],"product_tag":[186,185,181],"class_list":{"0":"post-6522","1":"product","2":"type-product","3":"status-publish","4":"has-post-thumbnail","6":"brand-sunshine","7":"product_cat-hidrogel","8":"product_tag-gran-formato","9":"product_tag-pantallas","10":"product_tag-protector","12":"first","13":"instock","14":"sale","15":"shipping-taxable","16":"purchasable","17":"product-type-simple"},"_links":{"self":[{"href":"https:\/\/wallar.com.co\/index.php\/wp-json\/wp\/v2\/product\/6522","targetHints":{"allow":["GET"]}}],"collection":[{"href":"https:\/\/wallar.com.co\/index.php\/wp-json\/wp\/v2\/product"}],"about":[{"href":"https:\/\/wallar.com.co\/index.php\/wp-json\/wp\/v2\/types\/product"}],"replies":[{"embeddable":true,"href":"https:\/\/wallar.com.co\/index.php\/wp-json\/wp\/v2\/comments?post=6522"}],"version-history":[{"count":4,"href":"https:\/\/wallar.com.co\/index.php\/wp-json\/wp\/v2\/product\/6522\/revisions"}],"predecessor-version":[{"id":6553,"href":"https:\/\/wallar.com.co\/index.php\/wp-json\/wp\/v2\/product\/6522\/revisions\/6553"}],"wp:featuredmedia":[{"embeddable":true,"href":"https:\/\/wallar.com.co\/index.php\/wp-json\/wp\/v2\/media\/6524"}],"wp:attachment":[{"href":"https:\/\/wallar.com.co\/index.php\/wp-json\/wp\/v2\/media?parent=6522"}],"wp:term":[{"taxonomy":"brand","embeddable":true,"href":"https:\/\/wallar.com.co\/index.php\/wp-json\/wp\/v2\/etheme_brands?post=6522"},{"taxonomy":"product_brand","embeddable":true,"href":"https:\/\/wallar.com.co\/index.php\/wp-json\/wp\/v2\/product_brand?post=6522"},{"taxonomy":"product_cat","embeddable":true,"href":"https:\/\/wallar.com.co\/index.php\/wp-json\/wp\/v2\/product_cat?post=6522"},{"taxonomy":"product_tag","embeddable":true,"href":"https:\/\/wallar.com.co\/index.php\/wp-json\/wp\/v2\/product_tag?post=6522"}],"curies":[{"name":"wp","href":"https:\/\/api.w.org\/{rel}","templated":true}]}}