{"id":6278,"date":"2024-02-16T20:05:33","date_gmt":"2024-02-16T19:05:33","guid":{"rendered":"https:\/\/wallar.com.co\/?post_type=product&#038;p=6278"},"modified":"2024-02-26T02:38:51","modified_gmt":"2024-02-26T01:38:51","slug":"tomacorriente-inteligente-compatible-solo-con-alexa-configuracion-simple-con-comando-de-voz","status":"publish","type":"product","link":"https:\/\/wallar.com.co\/index.php\/product\/tomacorriente-inteligente-compatible-solo-con-alexa-configuracion-simple-con-comando-de-voz\/","title":{"rendered":"Tomacorriente Inteligente, Compatible Solo Con Alexa, Configuraci\u00f3n Simple Con Comando De Voz"},"content":{"rendered":"<h3>Dispositivo compatible con el asistente Alexa de Amazon<\/h3>\n<ul class=\"a-unordered-list a-vertical a-spacing-mini\">\n<li class=\"a-spacing-mini\"><span class=\"a-list-item\"><strong>Configuraci\u00f3n simple:<\/strong> solo enciende este enchufe y di a Echo \u00abAlexa, descubre dispositivos\u00bb, tu dispositivo Echo detectar\u00e1 y configurar\u00e1 autom\u00e1ticamente esos enchufes inteligentes. No se requiere ninguna aplicaci\u00f3n para el proceso de emparejamiento.<\/span><\/li>\n<li class=\"a-spacing-mini\"><span class=\"a-list-item\"><strong>Puedes controlar luces, ventiladores y electrodom\u00e9sticos con tu voz en la aplicaci\u00f3n Alexa:<\/strong> control remoto, control de grupo, horario de encendido y apagado, temporizador, cambio de nombre y otras funciones.<\/span><\/li>\n<li class=\"a-spacing-mini\"><span class=\"a-list-item\"><strong>La conexi\u00f3n Bluetooth de baja energ\u00eda (BLE) Mesh plug-to-plug ayuda a eliminar de forma inteligente las zonas muertas de se\u00f1al:<\/strong> conecta m\u00faltiples enchufes para extender tus capacidades de control de voz m\u00e1s all\u00e1 de las zonas muertas de se\u00f1al, cada enchufe BLE Mesh act\u00faa como su propio concentrador m\u00e1s all\u00e1 del Echo.<\/span><\/li>\n<li class=\"a-spacing-mini\"><span class=\"a-list-item\"><strong>Exioty Smart Plug est\u00e1 optimizado para una configuraci\u00f3n simple y uso exclusivo con Alexa:<\/strong> Exioty Smart Plug no admite aplicaciones adicionales u otros asistentes de voz.<\/span><\/li>\n<li class=\"a-spacing-mini\"><span class=\"a-list-item\"><strong>La conexi\u00f3n de red\u00a0 se puede conectar sin problemas al enchufe inteligente Exioty a trav\u00e9s de BLE Mesh:<\/strong> Echo (2da generaci\u00f3n y posterior), Echo Dot (2da generaci\u00f3n y posteriores), Echo Plus, Echo Show, Echo Studio y m\u00e1s. (Solo el Echo de 1\u00aa generaci\u00f3n y el primer Echo Dot no son compatibles).<\/span><\/li>\n<\/ul>\n","protected":false},"excerpt":{"rendered":"<p>Dispositivo compatible con el asistente Alexa de Amazon Configuraci\u00f3n simple: solo enciende este enchufe y di a Echo \u00abAlexa, descubre dispositivos\u00bb, tu dispositivo Echo detectar\u00e1&#8230;<\/p>\n","protected":false},"featured_media":6274,"comment_status":"open","ping_status":"closed","template":"","meta":{"_joinchat":[]},"etheme_brands":[],"product_brand":[],"product_cat":[61],"product_tag":[164,165],"class_list":{"0":"post-6278","1":"product","2":"type-product","3":"status-publish","4":"has-post-thumbnail","6":"product_cat-baterias-accessorios","7":"product_tag-alexa","8":"product_tag-smart-home","10":"first","11":"instock","12":"shipping-taxable","13":"purchasable","14":"product-type-simple"},"_links":{"self":[{"href":"https:\/\/wallar.com.co\/index.php\/wp-json\/wp\/v2\/product\/6278","targetHints":{"allow":["GET"]}}],"collection":[{"href":"https:\/\/wallar.com.co\/index.php\/wp-json\/wp\/v2\/product"}],"about":[{"href":"https:\/\/wallar.com.co\/index.php\/wp-json\/wp\/v2\/types\/product"}],"replies":[{"embeddable":true,"href":"https:\/\/wallar.com.co\/index.php\/wp-json\/wp\/v2\/comments?post=6278"}],"version-history":[{"count":1,"href":"https:\/\/wallar.com.co\/index.php\/wp-json\/wp\/v2\/product\/6278\/revisions"}],"predecessor-version":[{"id":6279,"href":"https:\/\/wallar.com.co\/index.php\/wp-json\/wp\/v2\/product\/6278\/revisions\/6279"}],"wp:featuredmedia":[{"embeddable":true,"href":"https:\/\/wallar.com.co\/index.php\/wp-json\/wp\/v2\/media\/6274"}],"wp:attachment":[{"href":"https:\/\/wallar.com.co\/index.php\/wp-json\/wp\/v2\/media?parent=6278"}],"wp:term":[{"taxonomy":"brand","embeddable":true,"href":"https:\/\/wallar.com.co\/index.php\/wp-json\/wp\/v2\/etheme_brands?post=6278"},{"taxonomy":"product_brand","embeddable":true,"href":"https:\/\/wallar.com.co\/index.php\/wp-json\/wp\/v2\/product_brand?post=6278"},{"taxonomy":"product_cat","embeddable":true,"href":"https:\/\/wallar.com.co\/index.php\/wp-json\/wp\/v2\/product_cat?post=6278"},{"taxonomy":"product_tag","embeddable":true,"href":"https:\/\/wallar.com.co\/index.php\/wp-json\/wp\/v2\/product_tag?post=6278"}],"curies":[{"name":"wp","href":"https:\/\/api.w.org\/{rel}","templated":true}]}}