{"id":6245,"date":"2024-02-13T21:19:31","date_gmt":"2024-02-13T20:19:31","guid":{"rendered":"https:\/\/wallar.com.co\/?post_type=product&#038;p=6245"},"modified":"2025-05-16T01:35:21","modified_gmt":"2025-05-16T06:35:21","slug":"handheld-tc56-zebra-android-6","status":"publish","type":"product","link":"https:\/\/wallar.com.co\/index.php\/product\/handheld-tc56-zebra-android-6\/","title":{"rendered":"Handheld TC56 Zebra Android 6"},"content":{"rendered":"<h3>TC56 Equipos Port\u00e1tiles super Resistentes<\/h3>\n<p>Zebra Technologies anunci\u00f3 los nuevos TC51 y TC56 con sistema operativo Android y Zebra Mobility Extensions (Mx) para potenciar la seguridad. Equipos ultra port\u00e1tiles para entornos de trabajo de corte industrial, el\u00a0<strong>TC51 y el TC56<\/strong>, ambos con sistema operativo Android y con toda una serie de especificaciones propias de condiciones laborables un tanto exigentes y espec\u00edficas.<\/p>\n<p><strong>\u00bfQu\u00e9 cualidadades clave diferencian este tipo de terminales m\u00f3viles comparado con Smartphones \u201ccorrientes\u201d enfocados al gran consumo?<\/strong><\/p>\n<ul>\n<li>Resistencia ante ca\u00eddas de hasta 1,5 metros.<\/li>\n<li>Capacidad para funcionar entre -10\u00baC y +50\u00baC, y soportar condiciones de humedad entre un 5% y 85% sin condensaci\u00f3n.<\/li>\n<li>Soportar un shock termal comprendido entre -40\u00baC y 70\u00baC.<\/li>\n<li>Active Edge\u00a0Touch Zone, que permite lanzar\u00a0funciones espec\u00edficas mediante accesos directos creados en los bordes de la pantalla.<\/li>\n<li><strong>Zebra\u00a0Mobility Extensions (Mx)<\/strong>, una serie de caracter\u00edsticas para dispositivos Android de cara a mejorar la seguridad y robustez del software de cara altas exigencias a nivel empresarial: prevenci\u00f3n de usuarios no autorizados e instalaci\u00f3n de aplicaciones no permitidas, evitar errores de configuraci\u00f3n del dispositivo y detecci\u00f3n de vulnerabilidades.<\/li>\n<li>Bater\u00eda de 4300 mAh, con tecnolog\u00eda mejorada para soportar ciclos m\u00e1s largos y mediciones de capacidad de carga en tiempo real m\u00e1s precisas.<\/li>\n<li><strong>Lector de c\u00f3digos de barras<\/strong>\u00a0SE4710 imager (1D y 2D), con gran amplitud de rango: 20 Mil, 4.5 cm a 81.3 cm; y 3 Mil, 7.9 cm a\u00a014.2 cm.<\/li>\n<li>x2 micr\u00f3fonos con cancelaci\u00f3n de ruido, voz en HD y auricular de alta calidad.<\/li>\n<li>Giroscopio y aceler\u00f3metro de 3-axis.<\/li>\n<\/ul>\n<p>Para mayor informaci\u00f3n de las caracter\u00edsticas del dispositivo, visita el siguiente enlace: <a href=\"https:\/\/www.zebra.com\/content\/dam\/zebra_new_ia\/en-us\/solutions-verticals\/product\/Mobile_Computers\/Hand-Held%20Computers\/tc51-tc56-touch-computer\/spec-sheet\/tc51-tc56-specification-sheet-es-es.pdf\">Ordenadores t\u00e1ctiles TC51 y TC56 (zebra.com)<\/a><\/p>\n","protected":false},"excerpt":{"rendered":"<p>TC56 Equipos Port\u00e1tiles super Resistentes Zebra Technologies anunci\u00f3 los nuevos TC51 y TC56 con sistema operativo Android y Zebra Mobility Extensions (Mx) para potenciar la&#8230;<\/p>\n","protected":false},"featured_media":6243,"comment_status":"open","ping_status":"closed","template":"","meta":{"_joinchat":[]},"etheme_brands":[{"term_id":174,"name":"Zebra","slug":"zebra","term_group":0,"term_taxonomy_id":174,"taxonomy":"brand","description":"","parent":0,"count":3,"filter":"raw"}],"product_brand":[],"product_cat":[41],"product_tag":[189],"class_list":{"0":"post-6245","1":"product","2":"type-product","3":"status-publish","4":"has-post-thumbnail","6":"brand-zebra","7":"product_cat-dispositivos_moviles","8":"product_tag-usado","10":"first","11":"instock","12":"sale","13":"shipping-taxable","14":"purchasable","15":"product-type-simple"},"_links":{"self":[{"href":"https:\/\/wallar.com.co\/index.php\/wp-json\/wp\/v2\/product\/6245","targetHints":{"allow":["GET"]}}],"collection":[{"href":"https:\/\/wallar.com.co\/index.php\/wp-json\/wp\/v2\/product"}],"about":[{"href":"https:\/\/wallar.com.co\/index.php\/wp-json\/wp\/v2\/types\/product"}],"replies":[{"embeddable":true,"href":"https:\/\/wallar.com.co\/index.php\/wp-json\/wp\/v2\/comments?post=6245"}],"version-history":[{"count":1,"href":"https:\/\/wallar.com.co\/index.php\/wp-json\/wp\/v2\/product\/6245\/revisions"}],"predecessor-version":[{"id":6246,"href":"https:\/\/wallar.com.co\/index.php\/wp-json\/wp\/v2\/product\/6245\/revisions\/6246"}],"wp:featuredmedia":[{"embeddable":true,"href":"https:\/\/wallar.com.co\/index.php\/wp-json\/wp\/v2\/media\/6243"}],"wp:attachment":[{"href":"https:\/\/wallar.com.co\/index.php\/wp-json\/wp\/v2\/media?parent=6245"}],"wp:term":[{"taxonomy":"brand","embeddable":true,"href":"https:\/\/wallar.com.co\/index.php\/wp-json\/wp\/v2\/etheme_brands?post=6245"},{"taxonomy":"product_brand","embeddable":true,"href":"https:\/\/wallar.com.co\/index.php\/wp-json\/wp\/v2\/product_brand?post=6245"},{"taxonomy":"product_cat","embeddable":true,"href":"https:\/\/wallar.com.co\/index.php\/wp-json\/wp\/v2\/product_cat?post=6245"},{"taxonomy":"product_tag","embeddable":true,"href":"https:\/\/wallar.com.co\/index.php\/wp-json\/wp\/v2\/product_tag?post=6245"}],"curies":[{"name":"wp","href":"https:\/\/api.w.org\/{rel}","templated":true}]}}