{"id":6231,"date":"2024-02-13T16:56:05","date_gmt":"2024-02-13T15:56:05","guid":{"rendered":"https:\/\/wallar.com.co\/?post_type=product&#038;p=6231"},"modified":"2025-01-25T14:33:41","modified_gmt":"2025-01-25T19:33:41","slug":"handheld-ct50-honeywell-andrid-6","status":"publish","type":"product","link":"https:\/\/wallar.com.co\/index.php\/product\/handheld-ct50-honeywell-andrid-6\/","title":{"rendered":"Handheld CT50 Honeywell Android 6"},"content":{"rendered":"<h3>Honeywell Dolphin CT50 poderosa por definici\u00f3n<\/h3>\n<div class=\"page\" title=\"Page 1\">\n<div class=\"layoutArea\">\n<div class=\"column\">\n<p>Destinada a empresas que requieren conexi\u00f3n en todas partes, en todo momento y en tiempo real para aplicaciones empresariales cr\u00edticas y funciones de captura de datos para maximizar la eficiencia y brindarle un servicio m\u00e1s eficaz al cliente, la computadora m\u00f3vil Honeywell Dolphin CT50 es la m\u00e1s avanzada con una velocidad de conexi\u00f3n 4G\/LTE, preparada para empresas.<\/p>\n<h3>Rendimiento asegurado para todo el dia<\/h3>\n<p>La computadora m\u00f3vil Honeywell Dolphin CT50 brinda suficiente duraci\u00f3n de la bater\u00eda para que funcione durante un turno de trabajo completo y m\u00e1s, lo cual permite que los trabajadores m\u00f3viles est\u00e9n siempre en contacto con informaci\u00f3n crucial que les permita realizar pedidos, comprobar existencias, consultar el estado del pedido o escanear art\u00edculos a medida que se retiran para su entrega.<\/p>\n<h3>Visibilidad en cualquier condicion<\/h3>\n<p>La computadora m\u00f3vil Honeywell Dolphin CT50, optimizada para el uso de operaciones en el campo, ofrece una pantalla con Corning\u00ae Gorilla\u00ae Glass de 4,7 pulgadas de colores intensos que permite la f\u00e1cil lectura bajo la luz solar, asi como\u00a0 modos m\u00faltiples de entrada para ahorrar tiempo valioso y minimizar los errores en la introducci\u00f3n de datos.<\/p>\n<p>Estado: Producto Nuevo.<\/p>\n<p>Para mayor informaci\u00f3n de las caracter\u00edsticas del dispositivo, visita el siguiente enlace: <a href=\"https:\/\/etimarcas.com\/media\/com_eshop\/downloads\/Dolphin%20CT50.pdf\">Dolphin CT50.pdf (etimarcas.com)<\/a><\/p>\n<\/div>\n<\/div>\n<\/div>\n","protected":false},"excerpt":{"rendered":"<p>Honeywell Dolphin CT50 poderosa por definici\u00f3n Destinada a empresas que requieren conexi\u00f3n en todas partes, en todo momento y en tiempo real para aplicaciones empresariales&#8230;<\/p>\n","protected":false},"featured_media":6232,"comment_status":"open","ping_status":"closed","template":"","meta":{"_joinchat":[]},"etheme_brands":[{"term_id":173,"name":"Honeywell","slug":"honeywell","term_group":0,"term_taxonomy_id":173,"taxonomy":"brand","description":"","parent":0,"count":11,"filter":"raw"}],"product_brand":[],"product_cat":[41],"product_tag":[],"class_list":{"0":"post-6231","1":"product","2":"type-product","3":"status-publish","4":"has-post-thumbnail","6":"brand-honeywell","7":"product_cat-dispositivos_moviles","9":"first","10":"instock","11":"sale","12":"shipping-taxable","13":"purchasable","14":"product-type-simple"},"_links":{"self":[{"href":"https:\/\/wallar.com.co\/index.php\/wp-json\/wp\/v2\/product\/6231","targetHints":{"allow":["GET"]}}],"collection":[{"href":"https:\/\/wallar.com.co\/index.php\/wp-json\/wp\/v2\/product"}],"about":[{"href":"https:\/\/wallar.com.co\/index.php\/wp-json\/wp\/v2\/types\/product"}],"replies":[{"embeddable":true,"href":"https:\/\/wallar.com.co\/index.php\/wp-json\/wp\/v2\/comments?post=6231"}],"version-history":[{"count":2,"href":"https:\/\/wallar.com.co\/index.php\/wp-json\/wp\/v2\/product\/6231\/revisions"}],"predecessor-version":[{"id":6748,"href":"https:\/\/wallar.com.co\/index.php\/wp-json\/wp\/v2\/product\/6231\/revisions\/6748"}],"wp:featuredmedia":[{"embeddable":true,"href":"https:\/\/wallar.com.co\/index.php\/wp-json\/wp\/v2\/media\/6232"}],"wp:attachment":[{"href":"https:\/\/wallar.com.co\/index.php\/wp-json\/wp\/v2\/media?parent=6231"}],"wp:term":[{"taxonomy":"brand","embeddable":true,"href":"https:\/\/wallar.com.co\/index.php\/wp-json\/wp\/v2\/etheme_brands?post=6231"},{"taxonomy":"product_brand","embeddable":true,"href":"https:\/\/wallar.com.co\/index.php\/wp-json\/wp\/v2\/product_brand?post=6231"},{"taxonomy":"product_cat","embeddable":true,"href":"https:\/\/wallar.com.co\/index.php\/wp-json\/wp\/v2\/product_cat?post=6231"},{"taxonomy":"product_tag","embeddable":true,"href":"https:\/\/wallar.com.co\/index.php\/wp-json\/wp\/v2\/product_tag?post=6231"}],"curies":[{"name":"wp","href":"https:\/\/api.w.org\/{rel}","templated":true}]}}