{"id":6213,"date":"2024-02-13T15:56:48","date_gmt":"2024-02-13T14:56:48","guid":{"rendered":"https:\/\/wallar.com.co\/?post_type=product&#038;p=6213"},"modified":"2025-03-25T09:10:57","modified_gmt":"2025-03-25T14:10:57","slug":"impresora-movil-zq320-zebra","status":"publish","type":"product","link":"https:\/\/wallar.com.co\/index.php\/product\/impresora-movil-zq320-zebra\/","title":{"rendered":"Impresora M\u00f3vil ZQ320 Zebra"},"content":{"rendered":"<h3><strong>Zebra ZQ320 Impresora Port\u00e1til De Recibos Y Etiquetas<br \/>\n<\/strong><\/h3>\n<p>Las prestaciones de impresi\u00f3n port\u00e1til de su establecimiento de retail inciden directamente en la calidad del servicio al cliente y la productividad asociada. La ZQ320 Inside es una impresora funci\u00f3n doble: recibos y etiquetas.<\/p>\n<p>La impresora puede ahora realizar una funci\u00f3n doble: los trabajadores pueden emplearla para imprimir recibos de las transacciones del punto de venta y tambi\u00e9n puede servir para imprimir etiquetas para estanter\u00edas o subidas y bajadas de precios de los art\u00edculos.<\/p>\n<p>Cuando se trata de durabilidad, la ZQ320 ofrece las mejores especificaciones de resistencia de su categor\u00eda.<\/p>\n<p>Gracias a la compatibilidad con 802.11ac y Bluetooth 4.0, usted obtiene las conexiones inal\u00e1mbricas m\u00e1s avanzadas de esta categor\u00eda para impresi\u00f3n r\u00e1pida.<\/p>\n<h3><strong>Maximice la carga de la bater\u00eda y minimice el tiempo\/costes\u00a0<\/strong><\/h3>\n<p>Bater\u00eda PowerPrecision+ sustituible por el usuario con autonom\u00eda para turnos completos y extraordinarias prestaciones de gesti\u00f3n de alimentaci\u00f3n Sus trabajadores dependen de las impresoras m\u00f3viles casi cada minuto del d\u00eda.<\/p>\n<p>Con la ZQ320 usted tiene la seguridad de que cada trabajador dispone de suficiente autonom\u00eda para su turno. La bater\u00eda PowerPrecision+ de 2280 mAh, un modo de suspensi\u00f3n exclusivo y la patentada Power Smart Print Technology\u2122 se combinan para minimizar los requisitos de alimentaci\u00f3n y ofrecer uno de los ciclos m\u00e1s largos de la categor\u00eda. Una serie de m\u00e9tricas de bater\u00eda f\u00e1cilmente accesibles hacen que resulte m\u00e1s f\u00e1cil que nunca identificar, retirar y sustituir bater\u00edas antiguas antes de que afecten a la productividad.<\/p>\n<h3><strong>Conexi\u00f3n Bluetooth m\u00e1s r\u00e1pida, f\u00e1cil y confiable\u00a0<\/strong><\/h3>\n<p>Las conexiones Bluetooth m\u00e1s avanzadas para una impresi\u00f3n m\u00e1s r\u00e1pida Disfrute de velocidades de impresi\u00f3n y eficiencia energ\u00e9tica superiores con la conectividad Bluetooth m\u00e1s avanzada: Bluetooth 4.0 Classic y Low Energy. Si necesita conectar la ZQ320 a una red Wi-Fi, la compatibilidad opcional con 802.11ac y los protocolos de seguridad Wi-Fi m\u00e1s recientes proporcionan conexiones ultrarr\u00e1pidas y seguras.<\/p>\n<p>Producto Nuevo. Para mayor informaci\u00f3n de las caracter\u00edsticas del dispositivo, revisa el siguiente enlace: <a href=\"https:\/\/www.zebra.com\/content\/dam\/zebra_new_ia\/en-us\/solutions-verticals\/product\/Printers\/Mobile%20Printers\/zq300-series-mobile-printers\/specification-sheet\/zq300-series-spec-sheet-es-es.pdf\">zq300-series-spec-sheet-es-es.pdf (zebra.com)<\/a><\/p>\n","protected":false},"excerpt":{"rendered":"<p>Zebra ZQ320 Impresora Port\u00e1til De Recibos Y Etiquetas Las prestaciones de impresi\u00f3n port\u00e1til de su establecimiento de retail inciden directamente en la calidad del servicio&#8230;<\/p>\n","protected":false},"featured_media":6214,"comment_status":"open","ping_status":"closed","template":"","meta":{"_joinchat":[]},"etheme_brands":[{"term_id":174,"name":"Zebra","slug":"zebra","term_group":0,"term_taxonomy_id":174,"taxonomy":"brand","description":"","parent":0,"count":3,"filter":"raw"}],"product_brand":[],"product_cat":[114],"product_tag":[209,208,207,206],"class_list":{"0":"post-6213","1":"product","2":"type-product","3":"status-publish","4":"has-post-thumbnail","6":"brand-zebra","7":"product_cat-impresoras_moviles","8":"product_tag-etiquetas","9":"product_tag-facturacion","10":"product_tag-impresora-movil","11":"product_tag-zebra","13":"first","14":"instock","15":"shipping-taxable","16":"purchasable","17":"product-type-simple"},"_links":{"self":[{"href":"https:\/\/wallar.com.co\/index.php\/wp-json\/wp\/v2\/product\/6213","targetHints":{"allow":["GET"]}}],"collection":[{"href":"https:\/\/wallar.com.co\/index.php\/wp-json\/wp\/v2\/product"}],"about":[{"href":"https:\/\/wallar.com.co\/index.php\/wp-json\/wp\/v2\/types\/product"}],"replies":[{"embeddable":true,"href":"https:\/\/wallar.com.co\/index.php\/wp-json\/wp\/v2\/comments?post=6213"}],"version-history":[{"count":5,"href":"https:\/\/wallar.com.co\/index.php\/wp-json\/wp\/v2\/product\/6213\/revisions"}],"predecessor-version":[{"id":6223,"href":"https:\/\/wallar.com.co\/index.php\/wp-json\/wp\/v2\/product\/6213\/revisions\/6223"}],"wp:featuredmedia":[{"embeddable":true,"href":"https:\/\/wallar.com.co\/index.php\/wp-json\/wp\/v2\/media\/6214"}],"wp:attachment":[{"href":"https:\/\/wallar.com.co\/index.php\/wp-json\/wp\/v2\/media?parent=6213"}],"wp:term":[{"taxonomy":"brand","embeddable":true,"href":"https:\/\/wallar.com.co\/index.php\/wp-json\/wp\/v2\/etheme_brands?post=6213"},{"taxonomy":"product_brand","embeddable":true,"href":"https:\/\/wallar.com.co\/index.php\/wp-json\/wp\/v2\/product_brand?post=6213"},{"taxonomy":"product_cat","embeddable":true,"href":"https:\/\/wallar.com.co\/index.php\/wp-json\/wp\/v2\/product_cat?post=6213"},{"taxonomy":"product_tag","embeddable":true,"href":"https:\/\/wallar.com.co\/index.php\/wp-json\/wp\/v2\/product_tag?post=6213"}],"curies":[{"name":"wp","href":"https:\/\/api.w.org\/{rel}","templated":true}]}}