{"id":6210,"date":"2024-02-13T15:51:24","date_gmt":"2024-02-13T14:51:24","guid":{"rendered":"https:\/\/wallar.com.co\/?post_type=product&#038;p=6210"},"modified":"2024-09-24T11:43:27","modified_gmt":"2024-09-24T16:43:27","slug":"impresora-movil-pr3-intermec-honeywell","status":"publish","type":"product","link":"https:\/\/wallar.com.co\/index.php\/product\/impresora-movil-pr3-intermec-honeywell\/","title":{"rendered":"Impresora M\u00f3vil PR3 Intermec\/Honeywell"},"content":{"rendered":"<h3 class=\"page-title h1\"><span class=\"base\" data-ui-id=\"page-title-wrapper\">Intermec Honeywell PR3, USB, Bluetooth, 203dpi<\/span><\/h3>\n<p>La impresora port\u00e1til Intermec Pr3 pertenece a la serie de impresoras de recibos m\u00f3viles m\u00e1s resistentes. Con ella, la productividad y comodidad son dos ventajas aseguradas para el usuario, ya que su bater\u00eda puede recargarse independientemente de la m\u00e1quina lo que le garantiza una adaptaci\u00f3n \u00f3ptima a sus operaciones de turno completo.<\/p>\n<p>Perfecta para dispositivos inteligentes es compatible con los sistemas Android, IOS y Windows mobile y garantiza una conexi\u00f3n r\u00e1pida y segura a trav\u00e9s de tecnolog\u00eda Bluetooth y Wi-Fi para generar recibos cuando usted lo desee.<\/p>\n<p>Siendo la mayor de esta serie, esta impresora port\u00e1til logra imprimir hasta 2,83 pulgadas \/ 72 mm en papel continuo.<\/p>\n<p><span class=\"ux-textspans\">Estado <\/span>Usado: Hace referencia a un art\u00edculo que se utiliz\u00f3 anteriormente. El art\u00edculo puede poseer algunos signos de desgaste cosm\u00e9tico; sin embargo, est\u00e1 totalmente operativo y funciona 100%. Este art\u00edculo puede haber sido exhibido en la tienda o puede haber sido devuelto a la tienda tras ser utilizado. Consulta con nosotros para entregarte una descripci\u00f3n de las imperfecciones. Fotos reales del producto en la Galer\u00eda.<\/p>\n<p>Estado del equipo: Usado levemente.<\/p>\n<p>Para mayor informaci\u00f3n de las caracter\u00edsticas del dispositivo, visita el siguiente enlace: <a href=\"https:\/\/rdprinterservice.com.ar\/wp-content\/uploads\/2018\/11\/Folleto-Impresora-Intermec-Serie-PR.pdf\">Folleto-Impresora-Intermec-Serie-PR.pdf (rdprinterservice.com.ar)<\/a><\/p>\n","protected":false},"excerpt":{"rendered":"<p>Intermec Honeywell PR3, USB, Bluetooth, 203dpi La impresora port\u00e1til Intermec Pr3 pertenece a la serie de impresoras de recibos m\u00f3viles m\u00e1s resistentes. Con ella, la&#8230;<\/p>\n","protected":false},"featured_media":6211,"comment_status":"open","ping_status":"closed","template":"","meta":{"_joinchat":[]},"etheme_brands":[{"term_id":173,"name":"Honeywell","slug":"honeywell","term_group":0,"term_taxonomy_id":173,"taxonomy":"brand","description":"","parent":0,"count":11,"filter":"raw"}],"product_brand":[],"product_cat":[114],"product_tag":[189],"class_list":{"0":"post-6210","1":"product","2":"type-product","3":"status-publish","4":"has-post-thumbnail","6":"brand-honeywell","7":"product_cat-impresoras_moviles","8":"product_tag-usado","10":"first","11":"instock","12":"sale","13":"shipping-taxable","14":"purchasable","15":"product-type-simple"},"_links":{"self":[{"href":"https:\/\/wallar.com.co\/index.php\/wp-json\/wp\/v2\/product\/6210","targetHints":{"allow":["GET"]}}],"collection":[{"href":"https:\/\/wallar.com.co\/index.php\/wp-json\/wp\/v2\/product"}],"about":[{"href":"https:\/\/wallar.com.co\/index.php\/wp-json\/wp\/v2\/types\/product"}],"replies":[{"embeddable":true,"href":"https:\/\/wallar.com.co\/index.php\/wp-json\/wp\/v2\/comments?post=6210"}],"version-history":[{"count":5,"href":"https:\/\/wallar.com.co\/index.php\/wp-json\/wp\/v2\/product\/6210\/revisions"}],"predecessor-version":[{"id":6554,"href":"https:\/\/wallar.com.co\/index.php\/wp-json\/wp\/v2\/product\/6210\/revisions\/6554"}],"wp:featuredmedia":[{"embeddable":true,"href":"https:\/\/wallar.com.co\/index.php\/wp-json\/wp\/v2\/media\/6211"}],"wp:attachment":[{"href":"https:\/\/wallar.com.co\/index.php\/wp-json\/wp\/v2\/media?parent=6210"}],"wp:term":[{"taxonomy":"brand","embeddable":true,"href":"https:\/\/wallar.com.co\/index.php\/wp-json\/wp\/v2\/etheme_brands?post=6210"},{"taxonomy":"product_brand","embeddable":true,"href":"https:\/\/wallar.com.co\/index.php\/wp-json\/wp\/v2\/product_brand?post=6210"},{"taxonomy":"product_cat","embeddable":true,"href":"https:\/\/wallar.com.co\/index.php\/wp-json\/wp\/v2\/product_cat?post=6210"},{"taxonomy":"product_tag","embeddable":true,"href":"https:\/\/wallar.com.co\/index.php\/wp-json\/wp\/v2\/product_tag?post=6210"}],"curies":[{"name":"wp","href":"https:\/\/api.w.org\/{rel}","templated":true}]}}