{"id":6185,"date":"2024-02-08T23:55:00","date_gmt":"2024-02-08T22:55:00","guid":{"rendered":"https:\/\/wallar.com.co\/?post_type=product&#038;p=6185"},"modified":"2025-01-25T14:34:54","modified_gmt":"2025-01-25T19:34:54","slug":"honeywell-scanpal-eda50-memoria-2gb-16gb","status":"publish","type":"product","link":"https:\/\/wallar.com.co\/index.php\/product\/honeywell-scanpal-eda50-memoria-2gb-16gb\/","title":{"rendered":"Handheld EDA50 Honeywell Android 7.1.1 Memoria 2GB\/16GB"},"content":{"rendered":"<p>Dise\u00f1ado ergon\u00f3micamente para un uso diario c\u00f3modo durante todo el d\u00eda, el dispositivo h\u00edbrido empresarial Honeywell ScanPal \u2122 EDA50 es ideal para usuarios dentro de cuatro paredes que necesitan visibilidad en tiempo real de informaci\u00f3n cr\u00edtica para el negocio. F\u00e1cil de usar, con un esc\u00e1ner de c\u00f3digo de barras incorporado. Acceda, capture y env\u00ede informaci\u00f3n directamente desde el punto de venta o almac\u00e9n.<\/p>\n<p>Estado del equipo: Usado levemente.<\/p>\n<p>Para ver las caracter\u00edsticas completas y comprobar si funciona para tu operaci\u00f3n, ve al siguiente link donde esta la ficha t\u00e9cnica:<\/p>\n<p><a href=\"https:\/\/prod-edam.honeywell.com\/content\/dam\/honeywell-edam\/sps\/ppr\/en-us\/public\/products\/discontinued\/computer-devices\/eda50\/sps-ppr-scanpal-eda50-handheld-computer-data-sheet-en.pdf\">ScanPal EDA50 Handheld Computer Data Sheet (honeywell.com)<\/a><\/p>\n<p>Cualquier duda o comentario no dudes en contactarnos a nuestro <a href=\"https:\/\/api.whatsapp.com\/send\/?phone=%2B573183529888&amp;text&amp;type=phone_number&amp;app_absent=0\">whatsapp<\/a>.<\/p>\n","protected":false},"excerpt":{"rendered":"<p>Dise\u00f1ado ergon\u00f3micamente para un uso diario c\u00f3modo durante todo el d\u00eda, el dispositivo h\u00edbrido empresarial Honeywell ScanPal \u2122 EDA50 es ideal para usuarios dentro de&#8230;<\/p>\n","protected":false},"featured_media":6186,"comment_status":"open","ping_status":"closed","template":"","meta":{"_joinchat":[]},"etheme_brands":[{"term_id":173,"name":"Honeywell","slug":"honeywell","term_group":0,"term_taxonomy_id":173,"taxonomy":"brand","description":"","parent":0,"count":11,"filter":"raw"}],"product_brand":[],"product_cat":[41],"product_tag":[189],"class_list":{"0":"post-6185","1":"product","2":"type-product","3":"status-publish","4":"has-post-thumbnail","6":"brand-honeywell","7":"product_cat-dispositivos_moviles","8":"product_tag-usado","10":"first","11":"instock","12":"sale","13":"shipping-taxable","14":"purchasable","15":"product-type-simple"},"_links":{"self":[{"href":"https:\/\/wallar.com.co\/index.php\/wp-json\/wp\/v2\/product\/6185","targetHints":{"allow":["GET"]}}],"collection":[{"href":"https:\/\/wallar.com.co\/index.php\/wp-json\/wp\/v2\/product"}],"about":[{"href":"https:\/\/wallar.com.co\/index.php\/wp-json\/wp\/v2\/types\/product"}],"replies":[{"embeddable":true,"href":"https:\/\/wallar.com.co\/index.php\/wp-json\/wp\/v2\/comments?post=6185"}],"version-history":[{"count":3,"href":"https:\/\/wallar.com.co\/index.php\/wp-json\/wp\/v2\/product\/6185\/revisions"}],"predecessor-version":[{"id":6555,"href":"https:\/\/wallar.com.co\/index.php\/wp-json\/wp\/v2\/product\/6185\/revisions\/6555"}],"wp:featuredmedia":[{"embeddable":true,"href":"https:\/\/wallar.com.co\/index.php\/wp-json\/wp\/v2\/media\/6186"}],"wp:attachment":[{"href":"https:\/\/wallar.com.co\/index.php\/wp-json\/wp\/v2\/media?parent=6185"}],"wp:term":[{"taxonomy":"brand","embeddable":true,"href":"https:\/\/wallar.com.co\/index.php\/wp-json\/wp\/v2\/etheme_brands?post=6185"},{"taxonomy":"product_brand","embeddable":true,"href":"https:\/\/wallar.com.co\/index.php\/wp-json\/wp\/v2\/product_brand?post=6185"},{"taxonomy":"product_cat","embeddable":true,"href":"https:\/\/wallar.com.co\/index.php\/wp-json\/wp\/v2\/product_cat?post=6185"},{"taxonomy":"product_tag","embeddable":true,"href":"https:\/\/wallar.com.co\/index.php\/wp-json\/wp\/v2\/product_tag?post=6185"}],"curies":[{"name":"wp","href":"https:\/\/api.w.org\/{rel}","templated":true}]}}