{"id":6181,"date":"2024-02-08T22:34:11","date_gmt":"2024-02-08T21:34:11","guid":{"rendered":"https:\/\/wallar.com.co\/?post_type=product&#038;p=6181"},"modified":"2025-01-25T14:31:16","modified_gmt":"2025-01-25T19:31:16","slug":"lector-codigo-de-barras-1900gsr-2-honeywell-2d","status":"publish","type":"product","link":"https:\/\/wallar.com.co\/index.php\/product\/lector-codigo-de-barras-1900gsr-2-honeywell-2d\/","title":{"rendered":"Lector C\u00f3digo De Barras 1900GSR-2 Honeywell 2D"},"content":{"rendered":"<p>Clasifica la informaci\u00f3n de una manera r\u00e1pida, ordenada y segura con tu lector Honeywell Xenon 1900 GSR. Este dispositivo procesa e interpreta los datos codificados, a partir de un \u00e1gil sistema de esc\u00e1ner e interfaz.<\/p>\n<p>Compatibilidad con tu dispositivo. Esta herramienta cuenta con interfaz USB por lo que podr\u00e1s recibir los datos decodificados en tu equipo pc o que tenga entrada de este tipo.<\/p>\n<p>Menos espacio, m\u00e1s informaci\u00f3n.Su capacidad de aplicaci\u00f3n sobre 2D ser\u00e1 \u00fatil para interpretar los c\u00f3digos m\u00e1s modernos, como los QR Code, DataMatrix y PDF 417. Estos se caracterizan por ocupar menos espacio de impresi\u00f3n y condensar un volumen mayor de datos.<\/p>\n","protected":false},"excerpt":{"rendered":"<p>Clasifica la informaci\u00f3n de una manera r\u00e1pida, ordenada y segura con tu lector Honeywell Xenon 1900 GSR. Este dispositivo procesa e interpreta los datos codificados,&#8230;<\/p>\n","protected":false},"featured_media":6183,"comment_status":"open","ping_status":"closed","template":"","meta":{"_joinchat":[]},"etheme_brands":[{"term_id":173,"name":"Honeywell","slug":"honeywell","term_group":0,"term_taxonomy_id":173,"taxonomy":"brand","description":"","parent":0,"count":11,"filter":"raw"}],"product_brand":[],"product_cat":[121],"product_tag":[189],"class_list":{"0":"post-6181","1":"product","2":"type-product","3":"status-publish","4":"has-post-thumbnail","6":"brand-honeywell","7":"product_cat-scanners","8":"product_tag-usado","10":"first","11":"instock","12":"sale","13":"shipping-taxable","14":"purchasable","15":"product-type-simple"},"_links":{"self":[{"href":"https:\/\/wallar.com.co\/index.php\/wp-json\/wp\/v2\/product\/6181","targetHints":{"allow":["GET"]}}],"collection":[{"href":"https:\/\/wallar.com.co\/index.php\/wp-json\/wp\/v2\/product"}],"about":[{"href":"https:\/\/wallar.com.co\/index.php\/wp-json\/wp\/v2\/types\/product"}],"replies":[{"embeddable":true,"href":"https:\/\/wallar.com.co\/index.php\/wp-json\/wp\/v2\/comments?post=6181"}],"version-history":[{"count":1,"href":"https:\/\/wallar.com.co\/index.php\/wp-json\/wp\/v2\/product\/6181\/revisions"}],"predecessor-version":[{"id":6184,"href":"https:\/\/wallar.com.co\/index.php\/wp-json\/wp\/v2\/product\/6181\/revisions\/6184"}],"wp:featuredmedia":[{"embeddable":true,"href":"https:\/\/wallar.com.co\/index.php\/wp-json\/wp\/v2\/media\/6183"}],"wp:attachment":[{"href":"https:\/\/wallar.com.co\/index.php\/wp-json\/wp\/v2\/media?parent=6181"}],"wp:term":[{"taxonomy":"brand","embeddable":true,"href":"https:\/\/wallar.com.co\/index.php\/wp-json\/wp\/v2\/etheme_brands?post=6181"},{"taxonomy":"product_brand","embeddable":true,"href":"https:\/\/wallar.com.co\/index.php\/wp-json\/wp\/v2\/product_brand?post=6181"},{"taxonomy":"product_cat","embeddable":true,"href":"https:\/\/wallar.com.co\/index.php\/wp-json\/wp\/v2\/product_cat?post=6181"},{"taxonomy":"product_tag","embeddable":true,"href":"https:\/\/wallar.com.co\/index.php\/wp-json\/wp\/v2\/product_tag?post=6181"}],"curies":[{"name":"wp","href":"https:\/\/api.w.org\/{rel}","templated":true}]}}