{"id":6110,"date":"2024-02-05T23:55:42","date_gmt":"2024-02-05T22:55:42","guid":{"rendered":"https:\/\/wallar.com.co\/?post_type=product&#038;p=6110"},"modified":"2025-01-25T14:30:12","modified_gmt":"2025-01-25T19:30:12","slug":"samsung-galaxy-s23-ultra-phantom-black-521-gb-ram-12gb","status":"publish","type":"product","link":"https:\/\/wallar.com.co\/index.php\/product\/samsung-galaxy-s23-ultra-phantom-black-521-gb-ram-12gb\/","title":{"rendered":"Samsung Galaxy S23 Ultra Phantom Black 521 GB RAM 12GB"},"content":{"rendered":"<p>Samsun Galaxy S23 Ultra de 512 Gb de Rom y 12 Gb de Ram<\/p>\n<p>Tel\u00e9fono con 20 d\u00edas de uso, lo vendo porque compr\u00e9 otro celular, practicamente nuevo, garant\u00eda vigente de mas de 10 meses con la marca. Se entrega con case original de samsung anticaidas y agarre (Valor comercial $200.000), tiene screen protector de pantalla en hidrogel, caja original, manuales, pin extracci\u00f3n de simcard, cable de carga super r\u00e1pida original y factura de compra electronica (equipo comprado directamente con samsung) por lo cual esta liberado para funcionar con cualquier operador.<\/p>\n","protected":false},"excerpt":{"rendered":"<p>Samsun Galaxy S23 Ultra de 512 Gb de Rom y 12 Gb de Ram Tel\u00e9fono con 20 d\u00edas de uso, lo vendo porque compr\u00e9 otro&#8230;<\/p>\n","protected":false},"featured_media":6111,"comment_status":"open","ping_status":"closed","template":"","meta":{"_joinchat":[]},"etheme_brands":[{"term_id":172,"name":"Samsung","slug":"samsung","term_group":0,"term_taxonomy_id":172,"taxonomy":"brand","description":"","parent":0,"count":2,"filter":"raw"}],"product_brand":[],"product_cat":[20],"product_tag":[21,30,189],"class_list":{"0":"post-6110","1":"product","2":"type-product","3":"status-publish","4":"has-post-thumbnail","6":"brand-samsung","7":"product_cat-smartphones","8":"product_tag-gama-alta","9":"product_tag-tendencia","10":"product_tag-usado","12":"first","13":"instock","14":"sale","15":"sold-individually","16":"shipping-taxable","17":"purchasable","18":"product-type-simple"},"_links":{"self":[{"href":"https:\/\/wallar.com.co\/index.php\/wp-json\/wp\/v2\/product\/6110","targetHints":{"allow":["GET"]}}],"collection":[{"href":"https:\/\/wallar.com.co\/index.php\/wp-json\/wp\/v2\/product"}],"about":[{"href":"https:\/\/wallar.com.co\/index.php\/wp-json\/wp\/v2\/types\/product"}],"replies":[{"embeddable":true,"href":"https:\/\/wallar.com.co\/index.php\/wp-json\/wp\/v2\/comments?post=6110"}],"version-history":[{"count":1,"href":"https:\/\/wallar.com.co\/index.php\/wp-json\/wp\/v2\/product\/6110\/revisions"}],"predecessor-version":[{"id":6115,"href":"https:\/\/wallar.com.co\/index.php\/wp-json\/wp\/v2\/product\/6110\/revisions\/6115"}],"wp:featuredmedia":[{"embeddable":true,"href":"https:\/\/wallar.com.co\/index.php\/wp-json\/wp\/v2\/media\/6111"}],"wp:attachment":[{"href":"https:\/\/wallar.com.co\/index.php\/wp-json\/wp\/v2\/media?parent=6110"}],"wp:term":[{"taxonomy":"brand","embeddable":true,"href":"https:\/\/wallar.com.co\/index.php\/wp-json\/wp\/v2\/etheme_brands?post=6110"},{"taxonomy":"product_brand","embeddable":true,"href":"https:\/\/wallar.com.co\/index.php\/wp-json\/wp\/v2\/product_brand?post=6110"},{"taxonomy":"product_cat","embeddable":true,"href":"https:\/\/wallar.com.co\/index.php\/wp-json\/wp\/v2\/product_cat?post=6110"},{"taxonomy":"product_tag","embeddable":true,"href":"https:\/\/wallar.com.co\/index.php\/wp-json\/wp\/v2\/product_tag?post=6110"}],"curies":[{"name":"wp","href":"https:\/\/api.w.org\/{rel}","templated":true}]}}